{"id":188,"date":"2024-06-11T05:25:07","date_gmt":"2024-06-11T05:25:07","guid":{"rendered":"https:\/\/themes.templatescoder.com\/sastra-addon\/demo-11\/?page_id=2"},"modified":"2025-05-07T18:39:38","modified_gmt":"2025-05-07T16:39:38","slug":"home","status":"publish","type":"page","link":"https:\/\/tisztaaklima.hu\/","title":{"rendered":"Home"},"content":{"rendered":"<p><img decoding=\"async\" width=\"1\" height=\"1\" src=\"http:\/\/tisztaaklima.hu\/wp-content\/uploads\/2025\/04\/IMG_3300-1.heic\" alt=\"\" \/><br \/>\n\t\t\t\t\t\t\t\t\t\t\t\t\t\t\t<img fetchpriority=\"high\" decoding=\"async\" width=\"640\" height=\"480\" src=\"http:\/\/tisztaaklima.hu\/wp-content\/uploads\/2025\/04\/IMG_6963-1536x1152.webp\" alt=\"\" srcset=\"https:\/\/tisztaaklima.hu\/wp-content\/uploads\/2025\/04\/IMG_6963-1536x1152.webp 1536w, https:\/\/tisztaaklima.hu\/wp-content\/uploads\/2025\/04\/IMG_6963-300x225.webp 300w, https:\/\/tisztaaklima.hu\/wp-content\/uploads\/2025\/04\/IMG_6963-1024x768.webp 1024w, https:\/\/tisztaaklima.hu\/wp-content\/uploads\/2025\/04\/IMG_6963-768x576.webp 768w, https:\/\/tisztaaklima.hu\/wp-content\/uploads\/2025\/04\/IMG_6963-scaled.webp 1920w\" sizes=\"(max-width: 640px) 100vw, 640px\" \/>\t\t\t\t\t\t\t\t\t\t\t\t\t\t\t<\/p>\n<h6>About us<\/h6>\n<h2>Mi csin\u00e1ljuk a legig\u00e9nyesebb kl\u00edma mos\u00e1st<\/h2>\n<p><strong data-start=\"104\" data-end=\"177\">T\u00f6bb mint 5 \u00e9ve a kl\u00edmatiszt\u00edt\u00e1s megb\u00edzhat\u00f3 szak\u00e9rt\u0151i vagyunk.<\/strong><br data-start=\"177\" data-end=\"180\" \/>B\u00fcszk\u00e9k vagyunk r\u00e1, hogy pr\u00e9mium kl\u00edmamos\u00e1si szolg\u00e1ltat\u00e1st ny\u00fajtunk, amely biztos\u00edtja a tiszta, hat\u00e9kony \u00e9s eg\u00e9szs\u00e9ges leveg\u0151t.<br data-start=\"308\" data-end=\"311\" \/>Legyen sz\u00f3 irod\u00e1r\u00f3l vagy otthonr\u00f3l \u2013 mi friss leveg\u0151t \u00e9s nyugalmat visz\u00fcnk minden egyes elv\u00e9gzett munk\u00e1val.<\/p>\n<ul>\n<li>\n\t\t\t\t\t\t\t<svg aria-hidden=\"true\" viewBox=\"0 0 512 512\" xmlns=\"http:\/\/www.w3.org\/2000\/svg\"><path d=\"M173.898 439.404l-166.4-166.4c-9.997-9.997-9.997-26.206 0-36.204l36.203-36.204c9.997-9.998 26.207-9.998 36.204 0L192 312.69 432.095 72.596c9.997-9.997 26.207-9.997 36.204 0l36.203 36.204c9.997 9.997 9.997 26.206 0 36.204l-294.4 294.401c-9.998 9.997-26.207 9.997-36.204-.001z\"><\/path><\/svg><br \/>\n\t\t\t\t\t\t\t\t\t\tSz\u00e9tszedj\u00fck \u00e9s kimossuk, nem csak lef\u00fajjuk\n\t\t\t\t\t\t\t\t\t<\/li>\n<li>\n\t\t\t\t\t\t\t<svg aria-hidden=\"true\" viewBox=\"0 0 512 512\" xmlns=\"http:\/\/www.w3.org\/2000\/svg\"><path d=\"M173.898 439.404l-166.4-166.4c-9.997-9.997-9.997-26.206 0-36.204l36.203-36.204c9.997-9.998 26.207-9.998 36.204 0L192 312.69 432.095 72.596c9.997-9.997 26.207-9.997 36.204 0l36.203 36.204c9.997 9.997 9.997 26.206 0 36.204l-294.4 294.401c-9.998 9.997-26.207 9.997-36.204-.001z\"><\/path><\/svg><br \/>\n\t\t\t\t\t\t\t\t\t\tGomba\u00f6l\u0151, k\u00edm\u00e9letes vegyszerek\n\t\t\t\t\t\t\t\t\t<\/li>\n<li>\n\t\t\t\t\t\t\t<svg aria-hidden=\"true\" viewBox=\"0 0 512 512\" xmlns=\"http:\/\/www.w3.org\/2000\/svg\"><path d=\"M173.898 439.404l-166.4-166.4c-9.997-9.997-9.997-26.206 0-36.204l36.203-36.204c9.997-9.998 26.207-9.998 36.204 0L192 312.69 432.095 72.596c9.997-9.997 26.207-9.997 36.204 0l36.203 36.204c9.997 9.997 9.997 26.206 0 36.204l-294.4 294.401c-9.998 9.997-26.207 9.997-36.204-.001z\"><\/path><\/svg><br \/>\n\t\t\t\t\t\t\t\t\t\tBelt\u00e9ri + k\u00fclt\u00e9ri egys\u00e9g tiszt\u00edt\u00e1sa\n\t\t\t\t\t\t\t\t\t<\/li>\n<li>\n\t\t\t\t\t\t\t<svg aria-hidden=\"true\" viewBox=\"0 0 512 512\" xmlns=\"http:\/\/www.w3.org\/2000\/svg\"><path d=\"M173.898 439.404l-166.4-166.4c-9.997-9.997-9.997-26.206 0-36.204l36.203-36.204c9.997-9.998 26.207-9.998 36.204 0L192 312.69 432.095 72.596c9.997-9.997 26.207-9.997 36.204 0l36.203 36.204c9.997 9.997 9.997 26.206 0 36.204l-294.4 294.401c-9.998 9.997-26.207 9.997-36.204-.001z\"><\/path><\/svg><br \/>\n\t\t\t\t\t\t\t\t\t\tT\u00f6bb  mint 5 \u00e9v tapasztalat \u00e9s rengeteg pozit\u00edv  visszajelz\u00e9s\n\t\t\t\t\t\t\t\t\t<\/li>\n<\/ul>\n<p>\t\t\t\t\t<a href=\"http:\/\/&lt;!--\nPlugin Name: Bookly - Responsive WordPress Appointment Booking and Scheduling Plugin\nPlugin URI: https:\/\/www.booking-wp-plugin.com\/?utm_source=bookly_admin&amp;utm_medium=plugins_page&amp;utm_campaign=plugins_page\nVersion: 27.4--&gt;\n&lt;style type=&quot;text\/css&quot;&gt;\n    :root {\n        --bookly-main-color: #2973db !important;\n        --bookly-color: #2973db !important;\n    }\n\n    &lt;\/style&gt;&lt;div class=&quot;bookly-css-root&quot;&gt;\n    &lt;div id=&quot;bookly-form-container-69e241932fdff&quot; class=&quot;bookly-form&quot; data-form_id=&quot;&quot; aria-live=&quot;polite&quot;&gt;\n        &lt;div style=&quot;text-align: center&quot;&gt;&lt;img src=&quot;https:\/\/tisztaaklima.hu\/wp-includes\/js\/tinymce\/skins\/lightgray\/img\/loader.gif&quot; alt=&quot;Loading...&quot;\/&gt;&lt;\/div&gt;\n    &lt;\/div&gt;\n&lt;\/div&gt;\n    &lt;div class=&quot;powered-by-bookly&quot;&gt;Powered by        &lt;a href=&quot;https:\/\/www.booking-wp-plugin.com\/?utm_source=referral&amp;utm_medium=booking_widget&quot; target=&quot;_blank&quot;&gt;Bookly&lt;\/a&gt; \u2014\n        &lt;a href=&quot;https:\/\/www.booking-wp-plugin.com\/?utm_source=referral&amp;utm_medium=booking_widget&quot; target=&quot;_blank&quot;&gt;WordPress Booking Plugin&lt;\/a&gt;\n    &lt;\/div&gt;\n&lt;script type=&quot;text\/javascript&quot;&gt;\n    (function (win, fn) {\n        var done = false, top = true,\n            doc = win.document,\n            root = doc.documentElement,\n            modern = doc.addEventListener,\n            add = modern ? &#039;addEventListener&#039; : &#039;attachEvent&#039;,\n            rem = modern ? &#039;removeEventListener&#039; : &#039;detachEvent&#039;,\n            pre = modern ? &#039;&#039; : &#039;on&#039;,\n            init = function (e) {\n                if (e.type == &#039;readystatechange&#039;) if (doc.readyState != &#039;complete&#039;) return;\n                (e.type == &#039;load&#039; ? win : doc)[rem](pre + e.type, init, false);\n                if (!done) {\n                    done = true;\n                    fn.call(win, e.type || e);\n                }\n            },\n            poll = function () {\n                try {\n                    root.doScroll(&#039;left&#039;);\n                } catch (e) {\n                    setTimeout(poll, 50);\n                    return;\n                }\n                init(&#039;poll&#039;);\n            };\n        if (doc.readyState == &#039;complete&#039;) fn.call(win, &#039;lazy&#039;);\n        else {\n            if (!modern) if (root.doScroll) {\n                try {\n                    top = !win.frameElement;\n                } catch (e) {\n                }\n                if (top) poll();\n            }\n            doc[add](pre + &#039;DOMContentLoaded&#039;, init, false);\n            doc[add](pre + &#039;readystatechange&#039;, init, false);\n            win[add](pre + &#039;load&#039;, init, false);\n        }\n    })(window, function () {\n        window.bookly( {&quot;form_id&quot;:&quot;69e241932fdff&quot;,&quot;form_data&quot;:{&quot;skip_service_step&quot;:0,&quot;hide_service_part1&quot;:0,&quot;hide_service_part2&quot;:0,&quot;defaults&quot;:{&quot;service_id&quot;:0,&quot;staff_id&quot;:0,&quot;location_id&quot;:0,&quot;category_id&quot;:0,&quot;units&quot;:0,&quot;date_from&quot;:0,&quot;time_from&quot;:0,&quot;time_to&quot;:0}},&quot;status&quot;:{&quot;booking&quot;:&quot;new&quot;},&quot;form_token&quot;:null,&quot;skip_steps&quot;:{&quot;service_part1&quot;:0,&quot;service_part2&quot;:0,&quot;extras&quot;:1,&quot;time&quot;:0,&quot;repeat&quot;:1,&quot;cart&quot;:1},&quot;errors&quot;:{&quot;session_error&quot;:&quot;Session error.&quot;,&quot;form_id_error&quot;:&quot;Form ID error.&quot;,&quot;cart_item_not_available&quot;:&quot;A kiv\\u00e1lasztott id\\u0151pont nem el\\u00e9rhet\\u0151 ! K\\u00e9rlek keress egy m\\u00e1sikat&quot;,&quot;pay_locally_not_available&quot;:&quot;Pay locally is not available.&quot;,&quot;invalid_gateway&quot;:&quot;Invalid gateway.&quot;,&quot;payment_error&quot;:&quot;Error.&quot;,&quot;incorrect_username_password&quot;:&quot;Hib\\u00e1s felhaszn\\u00e1l\\u00f3 n\\u00e9v vagy jelsz\\u00f3.&quot;},&quot;form_attributes&quot;:{&quot;hide_categories&quot;:false,&quot;hide_services&quot;:false,&quot;hide_staff_members&quot;:false,&quot;show_number_of_persons&quot;:false,&quot;hide_service_duration&quot;:true,&quot;hide_locations&quot;:true,&quot;hide_quantity&quot;:true,&quot;hide_date&quot;:false,&quot;hide_week_days&quot;:false,&quot;hide_time_range&quot;:false},&quot;use_client_time_zone&quot;:0,&quot;defaults&quot;:{&quot;service_id&quot;:0,&quot;staff_id&quot;:0,&quot;location_id&quot;:0,&quot;category_id&quot;:0},&quot;datepicker_mode&quot;:&quot;text-accent&quot;} );\n    });\n&lt;\/script&gt;\"><br \/>\n\t\t\t\t\t\t\t\t\tId\u0151pontot foglalok !<br \/>\n\t\t\t\t\t<\/a><\/p>\n<h2>Itt tudsz is egyb\u0151l id\u0151pontot foglalni hozz\u00e1nk ! De el\u0151tte picit lentebb g\u00f6rgetve olvass r\u00f3lunk p\u00e1r VAL\u00d3S v\u00e9lem\u00e9nyt, hogy Meggy\u0151z\u0151dhess val\u00f3ban mi vagyunk a Legjobb v\u00e1laszt\u00e1s kl\u00edm\u00e1d \u00e9s eg\u00e9szs\u00e9ged \u00e9rdek\u00e9ben ! <\/h2>\n<p>\t\t\t\t\t<!--\nPlugin Name: Bookly - Responsive WordPress Appointment Booking and Scheduling Plugin\nPlugin URI: https:\/\/www.booking-wp-plugin.com\/?utm_source=bookly_admin&utm_medium=plugins_page&utm_campaign=plugins_page\nVersion: 27.4-->\n<style type=\"text\/css\">\n    :root {\n        --bookly-main-color: #2973db !important;\n        --bookly-color: #2973db !important;\n    }\n\n    <\/style><div class=\"bookly-css-root\">\n    <div id=\"bookly-form-container-69e2419330397\" class=\"bookly-form\" data-form_id=\"\" aria-live=\"polite\">\n        <div style=\"text-align: center\"><img decoding=\"async\" src=\"https:\/\/tisztaaklima.hu\/wp-includes\/js\/tinymce\/skins\/lightgray\/img\/loader.gif\" alt=\"Loading...\"\/><\/div>\n    <\/div>\n<\/div>\n    <div class=\"powered-by-bookly\">Powered by        <a href=\"https:\/\/www.booking-wp-plugin.com\/?utm_source=referral&utm_medium=booking_widget\" target=\"_blank\">Bookly<\/a> \u2014\n        <a href=\"https:\/\/www.booking-wp-plugin.com\/?utm_source=referral&utm_medium=booking_widget\" target=\"_blank\">WordPress Booking Plugin<\/a>\n    <\/div>\n<script type=\"text\/javascript\">\n    (function (win, fn) {\n        var done = false, top = true,\n            doc = win.document,\n            root = doc.documentElement,\n            modern = doc.addEventListener,\n            add = modern ? 'addEventListener' : 'attachEvent',\n            rem = modern ? 'removeEventListener' : 'detachEvent',\n            pre = modern ? '' : 'on',\n            init = function (e) {\n                if (e.type == 'readystatechange') if (doc.readyState != 'complete') return;\n                (e.type == 'load' ? win : doc)[rem](pre + e.type, init, false);\n                if (!done) {\n                    done = true;\n                    fn.call(win, e.type || e);\n                }\n            },\n            poll = function () {\n                try {\n                    root.doScroll('left');\n                } catch (e) {\n                    setTimeout(poll, 50);\n                    return;\n                }\n                init('poll');\n            };\n        if (doc.readyState == 'complete') fn.call(win, 'lazy');\n        else {\n            if (!modern) if (root.doScroll) {\n                try {\n                    top = !win.frameElement;\n                } catch (e) {\n                }\n                if (top) poll();\n            }\n            doc[add](pre + 'DOMContentLoaded', init, false);\n            doc[add](pre + 'readystatechange', init, false);\n            win[add](pre + 'load', init, false);\n        }\n    })(window, function () {\n        window.bookly( {\"form_id\":\"69e2419330397\",\"form_data\":{\"skip_service_step\":0,\"hide_service_part1\":1,\"hide_service_part2\":0,\"defaults\":{\"service_id\":1,\"staff_id\":1,\"location_id\":0,\"category_id\":-1,\"units\":0,\"date_from\":0,\"time_from\":0,\"time_to\":0}},\"status\":{\"booking\":\"new\"},\"form_token\":null,\"skip_steps\":{\"service_part1\":1,\"service_part2\":0,\"extras\":1,\"time\":0,\"repeat\":1,\"cart\":1},\"errors\":{\"session_error\":\"Session error.\",\"form_id_error\":\"Form ID error.\",\"cart_item_not_available\":\"A kiv\\u00e1lasztott id\\u0151pont nem el\\u00e9rhet\\u0151 ! K\\u00e9rlek keress egy m\\u00e1sikat\",\"pay_locally_not_available\":\"Pay locally is not available.\",\"invalid_gateway\":\"Invalid gateway.\",\"payment_error\":\"Error.\",\"incorrect_username_password\":\"Hib\\u00e1s felhaszn\\u00e1l\\u00f3 n\\u00e9v vagy jelsz\\u00f3.\"},\"form_attributes\":{\"hide_categories\":true,\"hide_services\":true,\"hide_staff_members\":true,\"show_number_of_persons\":false,\"hide_service_duration\":true,\"hide_locations\":true,\"hide_quantity\":true,\"hide_date\":false,\"hide_week_days\":false,\"hide_time_range\":false,\"const_category_id\":-1},\"use_client_time_zone\":0,\"defaults\":{\"service_id\":1,\"staff_id\":1,\"location_id\":0,\"category_id\":-1},\"datepicker_mode\":\"text-accent\"} );\n    });\n<\/script><br \/>\n\t\t\t\t\t<iframe src=\"https:\/\/www.facebook.com\/plugins\/post.php?href=https%3A%2F%2Fwww.facebook.com%2Fmate.tibor.7%2Fposts%2Fpfbid02XGEQwsNucqddmU9yrSYt5ujDB57LvU9TDy4uH9zuuBUum5PMRXJmMEvJhmmpkDTwl&#038;show_text=true&#038;width=500\" width=\"500\" height=\"168\" style=\"border:none;overflow:hidden\" scrolling=\"no\" frameborder=\"0\" allowfullscreen=\"true\" allow=\"autoplay; clipboard-write; encrypted-media; picture-in-picture; web-share\"><\/iframe><br \/>\n\t\t\t\t\t<iframe src=\"https:\/\/www.facebook.com\/plugins\/post.php?href=https%3A%2F%2Fwww.facebook.com%2Faniko.suto.9%2Fposts%2Fpfbid02vvtoRCeCJ5Ls2hUpnCdvjE3qepWF3FtteCyKTSdaEbAJEEdzeqiDM6p1y1Fneg4kl&#038;show_text=true&#038;width=500\" width=\"500\" height=\"184\" style=\"border:none;overflow:hidden\" scrolling=\"no\" frameborder=\"0\" allowfullscreen=\"true\" allow=\"autoplay; clipboard-write; encrypted-media; picture-in-picture; web-share\"><\/iframe><br \/>\n\t\t\t\t\t<iframe src=\"https:\/\/www.facebook.com\/plugins\/post.php?href=https%3A%2F%2Fwww.facebook.com%2Fzoltanne.takacs.90%2Fposts%2Fpfbid02faHVDD91bxKYEYFSM2nMK3MZjU99EsEA3WM2tZ4SVKYH4K5VwB5upeahgg1r6M9Pl&#038;show_text=true&#038;width=500\" width=\"500\" height=\"224\" style=\"border:none;overflow:hidden\" scrolling=\"no\" frameborder=\"0\" allowfullscreen=\"true\" allow=\"autoplay; clipboard-write; encrypted-media; picture-in-picture; web-share\"><\/iframe><br \/>\n\t\t\t\t\t<iframe src=\"https:\/\/www.facebook.com\/plugins\/post.php?href=https%3A%2F%2Fwww.facebook.com%2Fpermalink.php%3Fstory_fbid%3Dpfbid0ySae7YicL8MBjVRuns9wUzNFB1k1KKbEoqat2oaCx6o7gFmVmbJHpNB5XQAhrQ81l%26id%3D100092378479982&#038;show_text=true&#038;width=500\" width=\"500\" height=\"624\" style=\"border:none;overflow:hidden\" scrolling=\"no\" frameborder=\"0\" allowfullscreen=\"true\" allow=\"autoplay; clipboard-write; encrypted-media; picture-in-picture; web-share\"><\/iframe>\t\t\t\t<\/p>\n<p>L\u00e1togass el Facebook oldalunkra <a href=\"https:\/\/www.facebook.com\/profile.php?id=100092540640163&amp;sk=reviews\">ide kattintva<\/a> \u00e9s k\u00f6vess be minket !\u00a0<\/p>\n\n\n<p><\/p>\n\n\n\n<p><\/p>\n","protected":false},"excerpt":{"rendered":"<p>About us Mi csin\u00e1ljuk a legig\u00e9nyesebb kl\u00edma mos\u00e1st T\u00f6bb mint 5 \u00e9ve a kl\u00edmatiszt\u00edt\u00e1s megb\u00edzhat\u00f3 szak\u00e9rt\u0151i vagyunk.B\u00fcszk\u00e9k vagyunk r\u00e1, hogy pr\u00e9mium kl\u00edmamos\u00e1si szolg\u00e1ltat\u00e1st ny\u00fajtunk, amely biztos\u00edtja a tiszta, hat\u00e9kony \u00e9s eg\u00e9szs\u00e9ges leveg\u0151t.Legyen sz\u00f3 irod\u00e1r\u00f3l vagy otthonr\u00f3l \u2013 mi friss leveg\u0151t \u00e9s nyugalmat visz\u00fcnk minden egyes elv\u00e9gzett munk\u00e1val. Sz\u00e9tszedj\u00fck \u00e9s kimossuk, nem csak lef\u00fajjuk Gomba\u00f6l\u0151, k\u00edm\u00e9letes [&hellip;]<\/p>\n","protected":false},"author":1,"featured_media":0,"parent":0,"menu_order":0,"comment_status":"closed","ping_status":"closed","template":"elementor_header_footer","meta":{"footnotes":""},"class_list":["post-188","page","type-page","status-publish","hentry"],"_links":{"self":[{"href":"https:\/\/tisztaaklima.hu\/index.php?rest_route=\/wp\/v2\/pages\/188","targetHints":{"allow":["GET"]}}],"collection":[{"href":"https:\/\/tisztaaklima.hu\/index.php?rest_route=\/wp\/v2\/pages"}],"about":[{"href":"https:\/\/tisztaaklima.hu\/index.php?rest_route=\/wp\/v2\/types\/page"}],"author":[{"embeddable":true,"href":"https:\/\/tisztaaklima.hu\/index.php?rest_route=\/wp\/v2\/users\/1"}],"replies":[{"embeddable":true,"href":"https:\/\/tisztaaklima.hu\/index.php?rest_route=%2Fwp%2Fv2%2Fcomments&post=188"}],"version-history":[{"count":41,"href":"https:\/\/tisztaaklima.hu\/index.php?rest_route=\/wp\/v2\/pages\/188\/revisions"}],"predecessor-version":[{"id":304,"href":"https:\/\/tisztaaklima.hu\/index.php?rest_route=\/wp\/v2\/pages\/188\/revisions\/304"}],"wp:attachment":[{"href":"https:\/\/tisztaaklima.hu\/index.php?rest_route=%2Fwp%2Fv2%2Fmedia&parent=188"}],"curies":[{"name":"wp","href":"https:\/\/api.w.org\/{rel}","templated":true}]}}